{"id":5,"date":"2019-05-12T01:28:15","date_gmt":"2019-05-12T01:28:15","guid":{"rendered":"https:\/\/sitebaixocusto.com.br\/desenvolvimentosites\/?page_id=5"},"modified":"2020-09-08T04:18:24","modified_gmt":"2020-09-08T04:18:24","slug":"quem-somos","status":"publish","type":"page","link":"https:\/\/sitebaixocusto.com.br\/desenvolvimentosites\/quem-somos\/","title":{"rendered":"Quem Somos"},"content":{"rendered":"<h1>A SITE BAIXO CUSTO<\/h1>\n<p>Somos uma empresa que atua na \u00e1rea de Tecnologia da Informa\u00e7\u00e3o e Web. O Foco \u00e9 o desenvolvimento de projetos web. Colocamos \u00e0 disposi\u00e7\u00e3o do mercado solu\u00e7\u00f5es de baixo custo e que podem ser desenvolvidas em curto espa\u00e7o de tempo. As solu\u00e7\u00f5es s\u00e3o compostas por sites institucionais que podem ser adquiridos atrav\u00e9s da pr\u00f3pria internet com facilidade.<\/p>\n<p>N\u00e3o existe burocracia na compra. A \u00fanica coisa que vamos precisar \u00e9 que voc\u00ea cliente nos envie os conte\u00fados (logomarca, imagens, textos, endere\u00e7o e dados de contato), com isto j\u00e1 conseguiremos elaborar o projeto sem a necessidade de visitas e grande envolvimento de ambas as partes.<\/p>\n<p><strong>Por que conseguimos fazer t\u00e3o r\u00e1pido?<\/strong><br \/>\nOs sites de baixo custo s\u00e3o desenvolvidos em wodpress, com isto mudamos os dados vari\u00e1veis de cada cliente agilizando o desenvolvimento.<\/p>\n<p><strong>Quais s\u00e3o as Vantagens?<\/strong><br \/>\nComo os projetos s\u00e3o baseados no wordpress, temos um template ja definido para este projeto com isso conseguiremos publicar rapidamente gerando resultados com mais agilidade para as empresas que adquirirem as solu\u00e7\u00f5es.<\/p>\n<p><strong>Quais s\u00e3o os meus maiores Ganhos?<\/strong><br \/>\nA Internet \u00e9 hoje a maior vitrine de produtos e servi\u00e7os do mundo. Com a ado\u00e7\u00e3o de um site bem indexado, isto \u00e9, bem exibido nos buscadores (google, bing e yahoo), sua empresa aumenta muito as chances de vendas e desta maneira melhora nos ganhos e lucros.<\/p>\n<p><strong>Por que devo comprar com a SITE BAIXO CUSTO?<\/strong><br \/>\nEstamos no mercado a mais desde 2000 fazendo a mesma coisa para micro, pequenas, m\u00e9dias e grandes empresas.<\/p>\n<p class=\"texto1\"><span class=\"texto1\">Seja um cliente Site Baixo Custo, tenha seu site 100% personalizado, utilizando nosso modelo e pagando muito pouco por isso!<\/span><\/p>\n","protected":false},"excerpt":{"rendered":"<p>A SITE BAIXO CUSTO Somos uma empresa que atua na \u00e1rea de Tecnologia da Informa\u00e7\u00e3o e Web. O Foco \u00e9 o desenvolvimento de projetos web. Colocamos \u00e0 disposi\u00e7\u00e3o do mercado solu\u00e7\u00f5es de baixo custo e que podem ser desenvolvidas em curto espa\u00e7o de tempo. As solu\u00e7\u00f5es s\u00e3o compostas por sites institucionais que podem ser adquiridos [&hellip;]<\/p>\n","protected":false},"author":1,"featured_media":0,"parent":0,"menu_order":0,"comment_status":"closed","ping_status":"closed","template":"","meta":{"site-sidebar-layout":"default","site-content-layout":"","ast-site-content-layout":"default","site-content-style":"default","site-sidebar-style":"default","ast-global-header-display":"","ast-banner-title-visibility":"","ast-main-header-display":"","ast-hfb-above-header-display":"","ast-hfb-below-header-display":"","ast-hfb-mobile-header-display":"","site-post-title":"","ast-breadcrumbs-content":"","ast-featured-img":"","footer-sml-layout":"","ast-disable-related-posts":"","theme-transparent-header-meta":"","adv-header-id-meta":"","stick-header-meta":"","header-above-stick-meta":"","header-main-stick-meta":"","header-below-stick-meta":"","astra-migrate-meta-layouts":"default","ast-page-background-enabled":"default","ast-page-background-meta":{"desktop":{"background-color":"","background-image":"","background-repeat":"repeat","background-position":"center center","background-size":"auto","background-attachment":"scroll","background-type":"","background-media":"","overlay-type":"","overlay-color":"","overlay-opacity":"","overlay-gradient":""},"tablet":{"background-color":"","background-image":"","background-repeat":"repeat","background-position":"center center","background-size":"auto","background-attachment":"scroll","background-type":"","background-media":"","overlay-type":"","overlay-color":"","overlay-opacity":"","overlay-gradient":""},"mobile":{"background-color":"","background-image":"","background-repeat":"repeat","background-position":"center center","background-size":"auto","background-attachment":"scroll","background-type":"","background-media":"","overlay-type":"","overlay-color":"","overlay-opacity":"","overlay-gradient":""}},"ast-content-background-meta":{"desktop":{"background-color":"var(--ast-global-color-5)","background-image":"","background-repeat":"repeat","background-position":"center center","background-size":"auto","background-attachment":"scroll","background-type":"","background-media":"","overlay-type":"","overlay-color":"","overlay-opacity":"","overlay-gradient":""},"tablet":{"background-color":"var(--ast-global-color-5)","background-image":"","background-repeat":"repeat","background-position":"center center","background-size":"auto","background-attachment":"scroll","background-type":"","background-media":"","overlay-type":"","overlay-color":"","overlay-opacity":"","overlay-gradient":""},"mobile":{"background-color":"var(--ast-global-color-5)","background-image":"","background-repeat":"repeat","background-position":"center center","background-size":"auto","background-attachment":"scroll","background-type":"","background-media":"","overlay-type":"","overlay-color":"","overlay-opacity":"","overlay-gradient":""}},"amp_status":"","footnotes":""},"class_list":["post-5","page","type-page","status-publish","hentry"],"_hostinger_reach_plugin_has_subscription_block":false,"_hostinger_reach_plugin_is_elementor":false,"amp_validity":null,"_links":{"self":[{"href":"https:\/\/sitebaixocusto.com.br\/desenvolvimentosites\/wp-json\/wp\/v2\/pages\/5","targetHints":{"allow":["GET"]}}],"collection":[{"href":"https:\/\/sitebaixocusto.com.br\/desenvolvimentosites\/wp-json\/wp\/v2\/pages"}],"about":[{"href":"https:\/\/sitebaixocusto.com.br\/desenvolvimentosites\/wp-json\/wp\/v2\/types\/page"}],"author":[{"embeddable":true,"href":"https:\/\/sitebaixocusto.com.br\/desenvolvimentosites\/wp-json\/wp\/v2\/users\/1"}],"replies":[{"embeddable":true,"href":"https:\/\/sitebaixocusto.com.br\/desenvolvimentosites\/wp-json\/wp\/v2\/comments?post=5"}],"version-history":[{"count":4,"href":"https:\/\/sitebaixocusto.com.br\/desenvolvimentosites\/wp-json\/wp\/v2\/pages\/5\/revisions"}],"predecessor-version":[{"id":128,"href":"https:\/\/sitebaixocusto.com.br\/desenvolvimentosites\/wp-json\/wp\/v2\/pages\/5\/revisions\/128"}],"wp:attachment":[{"href":"https:\/\/sitebaixocusto.com.br\/desenvolvimentosites\/wp-json\/wp\/v2\/media?parent=5"}],"curies":[{"name":"wp","href":"https:\/\/api.w.org\/{rel}","templated":true}]}}