{"id":169,"date":"2019-08-12T13:15:39","date_gmt":"2019-08-12T13:15:39","guid":{"rendered":"https:\/\/themes.muffingroup.com\/be\/seo3\/?page_id=2"},"modified":"2023-09-25T20:28:48","modified_gmt":"2023-09-25T20:28:48","slug":"home","status":"publish","type":"page","link":"https:\/\/sitebaixocusto.com.br\/desenvolvimentosites\/","title":{"rendered":"Home"},"content":{"rendered":"\t\t<div data-elementor-type=\"wp-page\" data-elementor-id=\"169\" class=\"elementor elementor-169\">\n\t\t\t\t\t\t<section class=\"elementor-section elementor-top-section elementor-element elementor-element-bae3ce2 elementor-section-full_width elementor-section-height-default elementor-section-height-default\" data-id=\"bae3ce2\" data-element_type=\"section\">\n\t\t\t\t\t\t<div class=\"elementor-container elementor-column-gap-no\">\n\t\t\t\t\t<div class=\"elementor-column elementor-col-100 elementor-top-column elementor-element elementor-element-90ec268\" data-id=\"90ec268\" data-element_type=\"column\">\n\t\t\t<div class=\"elementor-widget-wrap elementor-element-populated\">\n\t\t\t\t\t\t<div class=\"elementor-element elementor-element-47efe6b elementor-widget elementor-widget-image\" data-id=\"47efe6b\" data-element_type=\"widget\" data-widget_type=\"image.default\">\n\t\t\t\t<div class=\"elementor-widget-container\">\n\t\t\t\t\t\t\t\t\t\t\t\t\t\t\t<img fetchpriority=\"high\" decoding=\"async\" width=\"1536\" height=\"539\" src=\"https:\/\/sitebaixocusto.com.br\/desenvolvimentosites\/wp-content\/uploads\/2021\/10\/banner-frente.jpg\" class=\"attachment-1536x1536 size-1536x1536 wp-image-236 lazyload\" alt=\"desenvolviento de sites\" srcset=\"data:image\/svg+xml,%3Csvg%20xmlns%3D%27http%3A%2F%2Fwww.w3.org%2F2000%2Fsvg%27%20width%3D%271920%27%20height%3D%27674%27%20viewBox%3D%270%200%201920%20674%27%3E%3Crect%20width%3D%271920%27%20height%3D%27674%27%20fill-opacity%3D%220%22%2F%3E%3C%2Fsvg%3E\" data-orig-src=\"https:\/\/sitebaixocusto.com.br\/desenvolvimentosites\/wp-content\/uploads\/2021\/10\/banner-frente.jpg\" data-srcset=\"https:\/\/sitebaixocusto.com.br\/desenvolvimentosites\/wp-content\/uploads\/2021\/10\/banner-frente-300x105.jpg 300w, https:\/\/sitebaixocusto.com.br\/desenvolvimentosites\/wp-content\/uploads\/2021\/10\/banner-frente-768x270.jpg 768w, https:\/\/sitebaixocusto.com.br\/desenvolvimentosites\/wp-content\/uploads\/2021\/10\/banner-frente-1024x359.jpg 1024w, https:\/\/sitebaixocusto.com.br\/desenvolvimentosites\/wp-content\/uploads\/2021\/10\/banner-frente.jpg 1920w\" data-sizes=\"auto\" \/>\t\t\t\t\t\t\t\t\t\t\t\t\t\t\t<\/div>\n\t\t\t\t<\/div>\n\t\t\t\t\t<\/div>\n\t\t<\/div>\n\t\t\t\t\t<\/div>\n\t\t<\/section>\n\t\t\t\t<section class=\"elementor-section elementor-top-section elementor-element elementor-element-c76fdca elementor-section-boxed elementor-section-height-default elementor-section-height-default\" data-id=\"c76fdca\" data-element_type=\"section\">\n\t\t\t\t\t\t<div class=\"elementor-container elementor-column-gap-default\">\n\t\t\t\t\t<div class=\"elementor-column elementor-col-100 elementor-top-column elementor-element elementor-element-6124e0f\" data-id=\"6124e0f\" data-element_type=\"column\">\n\t\t\t<div class=\"elementor-widget-wrap elementor-element-populated\">\n\t\t\t\t\t\t<div class=\"elementor-element elementor-element-2f5c3f1 elementor-widget elementor-widget-heading\" data-id=\"2f5c3f1\" data-element_type=\"widget\" data-widget_type=\"heading.default\">\n\t\t\t\t<div class=\"elementor-widget-container\">\n\t\t\t\t\t<h1 class=\"elementor-heading-title elementor-size-xl\">Desenvolvimento de Site Baixo Custo sem Mensalidade<\/h1>\t\t\t\t<\/div>\n\t\t\t\t<\/div>\n\t\t\t\t<div class=\"elementor-element elementor-element-1e18624 elementor-widget elementor-widget-text-editor\" data-id=\"1e18624\" data-element_type=\"widget\" data-widget_type=\"text-editor.default\">\n\t\t\t\t<div class=\"elementor-widget-container\">\n\t\t\t\t\t\t\t\t\t<p><strong>Websites Responsivos, Gerenciador de Conte\u00fado e Estrat\u00e9gias de Marketing Digital.<br \/><\/strong>Cria\u00e7\u00e3o de sites, lojas virtuais, logomarcas, mascotes, estrat\u00e9gias de marketing. Voc\u00ea paga uma \u00fanica vez anualmente, sua hospedagem e seu dom\u00ednio.<br \/>Criamos Sites para pequenas-empresas, micro-empresas ou pequenos neg\u00f3cios que necessitam de ter uma presen\u00e7a profissional forte a baixo custo, e rapidamente em apenas 15 DIAS.<\/p>\t\t\t\t\t\t\t\t<\/div>\n\t\t\t\t<\/div>\n\t\t\t\t\t<\/div>\n\t\t<\/div>\n\t\t\t\t\t<\/div>\n\t\t<\/section>\n\t\t\t\t<section class=\"elementor-section elementor-top-section elementor-element elementor-element-c0341cf elementor-section-boxed elementor-section-height-default elementor-section-height-default\" data-id=\"c0341cf\" data-element_type=\"section\">\n\t\t\t\t\t\t<div class=\"elementor-container elementor-column-gap-default\">\n\t\t\t\t\t<div class=\"elementor-column elementor-col-100 elementor-top-column elementor-element elementor-element-c939cda\" data-id=\"c939cda\" data-element_type=\"column\">\n\t\t\t<div class=\"elementor-widget-wrap elementor-element-populated\">\n\t\t\t\t\t\t<div class=\"elementor-element elementor-element-be53f16 elementor-widget-divider--view-line elementor-widget elementor-widget-divider\" data-id=\"be53f16\" data-element_type=\"widget\" data-widget_type=\"divider.default\">\n\t\t\t\t<div class=\"elementor-widget-container\">\n\t\t\t\t\t\t\t<div class=\"elementor-divider\">\n\t\t\t<span class=\"elementor-divider-separator\">\n\t\t\t\t\t\t<\/span>\n\t\t<\/div>\n\t\t\t\t\t\t<\/div>\n\t\t\t\t<\/div>\n\t\t\t\t\t<\/div>\n\t\t<\/div>\n\t\t\t\t\t<\/div>\n\t\t<\/section>\n\t\t\t\t<section class=\"elementor-section elementor-top-section elementor-element elementor-element-0479f55 elementor-section-boxed elementor-section-height-default elementor-section-height-default\" data-id=\"0479f55\" data-element_type=\"section\">\n\t\t\t\t\t\t<div class=\"elementor-container elementor-column-gap-default\">\n\t\t\t\t\t<div class=\"elementor-column elementor-col-33 elementor-top-column elementor-element elementor-element-a2c5e68\" data-id=\"a2c5e68\" data-element_type=\"column\">\n\t\t\t<div class=\"elementor-widget-wrap elementor-element-populated\">\n\t\t\t\t\t\t<div class=\"elementor-element elementor-element-7657b87 elementor-widget elementor-widget-image\" data-id=\"7657b87\" data-element_type=\"widget\" data-widget_type=\"image.default\">\n\t\t\t\t<div class=\"elementor-widget-container\">\n\t\t\t\t\t\t\t\t\t\t\t\t\t\t\t<img decoding=\"async\" width=\"400\" height=\"315\" src=\"https:\/\/sitebaixocusto.com.br\/desenvolvimentosites\/wp-content\/uploads\/2022\/06\/DESV.SITES_.fw_.png\" class=\"attachment-large size-large wp-image-438 lazyload\" alt=\"desenvolvimento de sites\" srcset=\"data:image\/svg+xml,%3Csvg%20xmlns%3D%27http%3A%2F%2Fwww.w3.org%2F2000%2Fsvg%27%20width%3D%27400%27%20height%3D%27315%27%20viewBox%3D%270%200%20400%20315%27%3E%3Crect%20width%3D%27400%27%20height%3D%27315%27%20fill-opacity%3D%220%22%2F%3E%3C%2Fsvg%3E\" data-orig-src=\"https:\/\/sitebaixocusto.com.br\/desenvolvimentosites\/wp-content\/uploads\/2022\/06\/DESV.SITES_.fw_.png\" data-srcset=\"https:\/\/sitebaixocusto.com.br\/desenvolvimentosites\/wp-content\/uploads\/2022\/06\/DESV.SITES_.fw_-300x236.png 300w, https:\/\/sitebaixocusto.com.br\/desenvolvimentosites\/wp-content\/uploads\/2022\/06\/DESV.SITES_.fw_.png 400w\" data-sizes=\"auto\" \/>\t\t\t\t\t\t\t\t\t\t\t\t\t\t\t<\/div>\n\t\t\t\t<\/div>\n\t\t\t\t<div class=\"elementor-element elementor-element-499d008 elementor-widget elementor-widget-text-editor\" data-id=\"499d008\" data-element_type=\"widget\" data-widget_type=\"text-editor.default\">\n\t\t\t\t<div class=\"elementor-widget-container\">\n\t\t\t\t\t\t\t\t\t<ul><li>DESENVOLVIMENTO DE SITES<\/li><li>INSTITUCIONAIS<\/li><li>MANUTEN\u00c7\u00c3O DE SITES<\/li><li>LOJAS VIRTUAIS<\/li><li>LANDINGPAGES<\/li><\/ul>\t\t\t\t\t\t\t\t<\/div>\n\t\t\t\t<\/div>\n\t\t\t\t\t<\/div>\n\t\t<\/div>\n\t\t\t\t<div class=\"elementor-column elementor-col-33 elementor-top-column elementor-element elementor-element-13d1b16\" data-id=\"13d1b16\" data-element_type=\"column\">\n\t\t\t<div class=\"elementor-widget-wrap elementor-element-populated\">\n\t\t\t\t\t\t<div class=\"elementor-element elementor-element-13626d5 elementor-widget elementor-widget-image\" data-id=\"13626d5\" data-element_type=\"widget\" data-widget_type=\"image.default\">\n\t\t\t\t<div class=\"elementor-widget-container\">\n\t\t\t\t\t\t\t\t\t\t\t\t\t\t\t<img decoding=\"async\" width=\"400\" height=\"315\" src=\"https:\/\/sitebaixocusto.com.br\/desenvolvimentosites\/wp-content\/uploads\/2022\/06\/MARKETING-DIGITAL.fw_.png\" class=\"attachment-large size-large wp-image-439 lazyload\" alt=\"marketing digital\" srcset=\"data:image\/svg+xml,%3Csvg%20xmlns%3D%27http%3A%2F%2Fwww.w3.org%2F2000%2Fsvg%27%20width%3D%27400%27%20height%3D%27315%27%20viewBox%3D%270%200%20400%20315%27%3E%3Crect%20width%3D%27400%27%20height%3D%27315%27%20fill-opacity%3D%220%22%2F%3E%3C%2Fsvg%3E\" data-orig-src=\"https:\/\/sitebaixocusto.com.br\/desenvolvimentosites\/wp-content\/uploads\/2022\/06\/MARKETING-DIGITAL.fw_.png\" data-srcset=\"https:\/\/sitebaixocusto.com.br\/desenvolvimentosites\/wp-content\/uploads\/2022\/06\/MARKETING-DIGITAL.fw_-300x236.png 300w, https:\/\/sitebaixocusto.com.br\/desenvolvimentosites\/wp-content\/uploads\/2022\/06\/MARKETING-DIGITAL.fw_.png 400w\" data-sizes=\"auto\" \/>\t\t\t\t\t\t\t\t\t\t\t\t\t\t\t<\/div>\n\t\t\t\t<\/div>\n\t\t\t\t<div class=\"elementor-element elementor-element-17341eb elementor-widget elementor-widget-text-editor\" data-id=\"17341eb\" data-element_type=\"widget\" data-widget_type=\"text-editor.default\">\n\t\t\t\t<div class=\"elementor-widget-container\">\n\t\t\t\t\t\t\t\t\t<ul><li>MARKETING DIGITAL<\/li><li>GEST\u00c3O DE TRAFEGO<\/li><li>GEST\u00c3O DE REDES SOCIAIS<\/li><li>EDI\u00c7\u00c3O DE VIDEOS<\/li><li>SEO<\/li><\/ul>\t\t\t\t\t\t\t\t<\/div>\n\t\t\t\t<\/div>\n\t\t\t\t\t<\/div>\n\t\t<\/div>\n\t\t\t\t<div class=\"elementor-column elementor-col-33 elementor-top-column elementor-element elementor-element-1110974\" data-id=\"1110974\" data-element_type=\"column\">\n\t\t\t<div class=\"elementor-widget-wrap elementor-element-populated\">\n\t\t\t\t\t\t<div class=\"elementor-element elementor-element-d4e8118 elementor-widget elementor-widget-image\" data-id=\"d4e8118\" data-element_type=\"widget\" data-widget_type=\"image.default\">\n\t\t\t\t<div class=\"elementor-widget-container\">\n\t\t\t\t\t\t\t\t\t\t\t\t\t\t\t<img loading=\"lazy\" decoding=\"async\" width=\"400\" height=\"315\" src=\"https:\/\/sitebaixocusto.com.br\/desenvolvimentosites\/wp-content\/uploads\/2022\/06\/logos.fw_.png\" class=\"attachment-large size-large wp-image-490 lazyload\" alt=\"\" srcset=\"data:image\/svg+xml,%3Csvg%20xmlns%3D%27http%3A%2F%2Fwww.w3.org%2F2000%2Fsvg%27%20width%3D%27400%27%20height%3D%27315%27%20viewBox%3D%270%200%20400%20315%27%3E%3Crect%20width%3D%27400%27%20height%3D%27315%27%20fill-opacity%3D%220%22%2F%3E%3C%2Fsvg%3E\" data-orig-src=\"https:\/\/sitebaixocusto.com.br\/desenvolvimentosites\/wp-content\/uploads\/2022\/06\/logos.fw_.png\" data-srcset=\"https:\/\/sitebaixocusto.com.br\/desenvolvimentosites\/wp-content\/uploads\/2022\/06\/logos.fw_-300x236.png 300w, https:\/\/sitebaixocusto.com.br\/desenvolvimentosites\/wp-content\/uploads\/2022\/06\/logos.fw_.png 400w\" data-sizes=\"auto\" \/>\t\t\t\t\t\t\t\t\t\t\t\t\t\t\t<\/div>\n\t\t\t\t<\/div>\n\t\t\t\t<div class=\"elementor-element elementor-element-261cf8f elementor-widget elementor-widget-text-editor\" data-id=\"261cf8f\" data-element_type=\"widget\" data-widget_type=\"text-editor.default\">\n\t\t\t\t<div class=\"elementor-widget-container\">\n\t\t\t\t\t\t\t\t\t<ul><li>LOGOTIPOS<\/li><li>CART\u00c3O DE VISITA DIGITAL<\/li><li>DESENVOLVIMENTO DE APP<\/li><li>SISTEMA DE DELIVERY<\/li><\/ul>\t\t\t\t\t\t\t\t<\/div>\n\t\t\t\t<\/div>\n\t\t\t\t\t<\/div>\n\t\t<\/div>\n\t\t\t\t\t<\/div>\n\t\t<\/section>\n\t\t\t\t<section class=\"elementor-section elementor-top-section elementor-element elementor-element-97c3fb1 elementor-section-boxed elementor-section-height-default elementor-section-height-default\" data-id=\"97c3fb1\" data-element_type=\"section\">\n\t\t\t\t\t\t<div class=\"elementor-container elementor-column-gap-default\">\n\t\t\t\t\t<div class=\"elementor-column elementor-col-100 elementor-top-column elementor-element elementor-element-4679fc6\" data-id=\"4679fc6\" data-element_type=\"column\">\n\t\t\t<div class=\"elementor-widget-wrap elementor-element-populated\">\n\t\t\t\t\t\t<section class=\"elementor-section elementor-inner-section elementor-element elementor-element-afd260f elementor-section-boxed elementor-section-height-default elementor-section-height-default\" data-id=\"afd260f\" data-element_type=\"section\">\n\t\t\t\t\t\t<div class=\"elementor-container elementor-column-gap-default\">\n\t\t\t\t\t<div class=\"elementor-column elementor-col-50 elementor-inner-column elementor-element elementor-element-33093db\" data-id=\"33093db\" data-element_type=\"column\">\n\t\t\t<div class=\"elementor-widget-wrap elementor-element-populated\">\n\t\t\t\t\t\t<div class=\"elementor-element elementor-element-19aa20c elementor-widget elementor-widget-text-editor\" data-id=\"19aa20c\" data-element_type=\"widget\" data-widget_type=\"text-editor.default\">\n\t\t\t\t<div class=\"elementor-widget-container\">\n\t\t\t\t\t\t\t\t\t<h3><span style=\"color: #ff0000;\"><strong>Pacote Site Baixo Custo sem Mensalidade<\/strong><\/span><\/h3><p><strong>Home + 5 p\u00e1ginas\u00a0<\/strong><br \/><strong>Quem Somos &#8211; Servi\u00e7os &#8211; Produtos &#8211; localiza\u00e7\u00e3o &#8211; Contato (formul\u00e1rio)<\/strong><br \/><strong>1 ano de hospedagem &#8211; 3 emails &#8211; Bot\u00e3o do whatsapp flutuante<\/strong><\/p><p>*P\u00e1ginas adicionais tem um custo<\/p>\t\t\t\t\t\t\t\t<\/div>\n\t\t\t\t<\/div>\n\t\t\t\t\t<\/div>\n\t\t<\/div>\n\t\t\t\t<div class=\"elementor-column elementor-col-50 elementor-inner-column elementor-element elementor-element-852ea43\" data-id=\"852ea43\" data-element_type=\"column\" data-settings=\"{&quot;background_background&quot;:&quot;classic&quot;}\">\n\t\t\t<div class=\"elementor-widget-wrap elementor-element-populated\">\n\t\t\t\t\t\t<div class=\"elementor-element elementor-element-30cc674 elementor-widget elementor-widget-heading\" data-id=\"30cc674\" data-element_type=\"widget\" data-widget_type=\"heading.default\">\n\t\t\t\t<div class=\"elementor-widget-container\">\n\t\t\t\t\t<h1 class=\"elementor-heading-title elementor-size-xxl\">R$899,00<\/h1>\t\t\t\t<\/div>\n\t\t\t\t<\/div>\n\t\t\t\t<div class=\"elementor-element elementor-element-9926506 elementor-widget elementor-widget-text-editor\" data-id=\"9926506\" data-element_type=\"widget\" data-widget_type=\"text-editor.default\">\n\t\t\t\t<div class=\"elementor-widget-container\">\n\t\t\t\t\t\t\t\t\t<p style=\"text-align: center;\"><strong>Entre em Contato Conosco<\/strong><\/p>\t\t\t\t\t\t\t\t<\/div>\n\t\t\t\t<\/div>\n\t\t\t\t<div class=\"elementor-element elementor-element-b25d235 elementor-align-center elementor-widget elementor-widget-button\" data-id=\"b25d235\" data-element_type=\"widget\" data-widget_type=\"button.default\">\n\t\t\t\t<div class=\"elementor-widget-container\">\n\t\t\t\t\t\t\t\t\t<div class=\"elementor-button-wrapper\">\n\t\t\t\t\t<a class=\"elementor-button elementor-button-link elementor-size-sm\" href=\"https:\/\/sitebaixocusto.com.br\/desenvolvimentosites\/fale-conosco\/\">\n\t\t\t\t\t\t<span class=\"elementor-button-content-wrapper\">\n\t\t\t\t\t\t<span class=\"elementor-button-icon\">\n\t\t\t\t<i aria-hidden=\"true\" class=\"far fa-arrow-alt-circle-right\"><\/i>\t\t\t<\/span>\n\t\t\t\t\t\t\t\t\t<span class=\"elementor-button-text\">Clique aqui<\/span>\n\t\t\t\t\t<\/span>\n\t\t\t\t\t<\/a>\n\t\t\t\t<\/div>\n\t\t\t\t\t\t\t\t<\/div>\n\t\t\t\t<\/div>\n\t\t\t\t\t<\/div>\n\t\t<\/div>\n\t\t\t\t\t<\/div>\n\t\t<\/section>\n\t\t\t\t\t<\/div>\n\t\t<\/div>\n\t\t\t\t\t<\/div>\n\t\t<\/section>\n\t\t\t\t<section class=\"elementor-section elementor-top-section elementor-element elementor-element-aa6ce96 elementor-section-boxed elementor-section-height-default elementor-section-height-default\" data-id=\"aa6ce96\" data-element_type=\"section\" data-settings=\"{&quot;background_background&quot;:&quot;classic&quot;}\">\n\t\t\t\t\t\t<div class=\"elementor-container elementor-column-gap-default\">\n\t\t\t\t\t<div class=\"elementor-column elementor-col-50 elementor-top-column elementor-element elementor-element-bb30914\" data-id=\"bb30914\" data-element_type=\"column\">\n\t\t\t<div class=\"elementor-widget-wrap\">\n\t\t\t\t\t\t\t<\/div>\n\t\t<\/div>\n\t\t\t\t<div class=\"elementor-column elementor-col-50 elementor-top-column elementor-element elementor-element-c324a5a\" data-id=\"c324a5a\" data-element_type=\"column\">\n\t\t\t<div class=\"elementor-widget-wrap\">\n\t\t\t\t\t\t\t<\/div>\n\t\t<\/div>\n\t\t\t\t\t<\/div>\n\t\t<\/section>\n\t\t\t\t<\/div>\n\t\t","protected":false},"excerpt":{"rendered":"<p>Desenvolvimento de Site Baixo Custo sem Mensalidade Websites Responsivos, Gerenciador de Conte\u00fado e Estrat\u00e9gias de Marketing Digital.Cria\u00e7\u00e3o de sites, lojas virtuais, logomarcas, mascotes, estrat\u00e9gias de marketing. Voc\u00ea paga uma \u00fanica vez anualmente, sua hospedagem e seu dom\u00ednio.Criamos Sites para pequenas-empresas, micro-empresas ou pequenos neg\u00f3cios que necessitam de ter uma presen\u00e7a profissional forte a baixo custo, [&hellip;]<\/p>\n","protected":false},"author":1,"featured_media":0,"parent":0,"menu_order":0,"comment_status":"closed","ping_status":"open","template":"elementor_header_footer","meta":{"site-sidebar-layout":"no-sidebar","site-content-layout":"page-builder","ast-site-content-layout":"default","site-content-style":"default","site-sidebar-style":"default","ast-global-header-display":"","ast-banner-title-visibility":"","ast-main-header-display":"","ast-hfb-above-header-display":"","ast-hfb-below-header-display":"","ast-hfb-mobile-header-display":"","site-post-title":"","ast-breadcrumbs-content":"","ast-featured-img":"","footer-sml-layout":"","ast-disable-related-posts":"","theme-transparent-header-meta":"default","adv-header-id-meta":"","stick-header-meta":"","header-above-stick-meta":"","header-main-stick-meta":"","header-below-stick-meta":"","astra-migrate-meta-layouts":"default","ast-page-background-enabled":"default","ast-page-background-meta":{"desktop":{"background-color":"","background-image":"","background-repeat":"repeat","background-position":"center center","background-size":"auto","background-attachment":"scroll","background-type":"","background-media":"","overlay-type":"","overlay-color":"","overlay-opacity":"","overlay-gradient":""},"tablet":{"background-color":"","background-image":"","background-repeat":"repeat","background-position":"center center","background-size":"auto","background-attachment":"scroll","background-type":"","background-media":"","overlay-type":"","overlay-color":"","overlay-opacity":"","overlay-gradient":""},"mobile":{"background-color":"","background-image":"","background-repeat":"repeat","background-position":"center center","background-size":"auto","background-attachment":"scroll","background-type":"","background-media":"","overlay-type":"","overlay-color":"","overlay-opacity":"","overlay-gradient":""}},"ast-content-background-meta":{"desktop":{"background-color":"var(--ast-global-color-5)","background-image":"","background-repeat":"repeat","background-position":"center center","background-size":"auto","background-attachment":"scroll","background-type":"","background-media":"","overlay-type":"","overlay-color":"","overlay-opacity":"","overlay-gradient":""},"tablet":{"background-color":"var(--ast-global-color-5)","background-image":"","background-repeat":"repeat","background-position":"center center","background-size":"auto","background-attachment":"scroll","background-type":"","background-media":"","overlay-type":"","overlay-color":"","overlay-opacity":"","overlay-gradient":""},"mobile":{"background-color":"var(--ast-global-color-5)","background-image":"","background-repeat":"repeat","background-position":"center center","background-size":"auto","background-attachment":"scroll","background-type":"","background-media":"","overlay-type":"","overlay-color":"","overlay-opacity":"","overlay-gradient":""}},"amp_status":"","footnotes":""},"class_list":["post-169","page","type-page","status-publish","hentry"],"_hostinger_reach_plugin_has_subscription_block":false,"_hostinger_reach_plugin_is_elementor":false,"amp_validity":null,"_links":{"self":[{"href":"https:\/\/sitebaixocusto.com.br\/desenvolvimentosites\/wp-json\/wp\/v2\/pages\/169","targetHints":{"allow":["GET"]}}],"collection":[{"href":"https:\/\/sitebaixocusto.com.br\/desenvolvimentosites\/wp-json\/wp\/v2\/pages"}],"about":[{"href":"https:\/\/sitebaixocusto.com.br\/desenvolvimentosites\/wp-json\/wp\/v2\/types\/page"}],"author":[{"embeddable":true,"href":"https:\/\/sitebaixocusto.com.br\/desenvolvimentosites\/wp-json\/wp\/v2\/users\/1"}],"replies":[{"embeddable":true,"href":"https:\/\/sitebaixocusto.com.br\/desenvolvimentosites\/wp-json\/wp\/v2\/comments?post=169"}],"version-history":[{"count":107,"href":"https:\/\/sitebaixocusto.com.br\/desenvolvimentosites\/wp-json\/wp\/v2\/pages\/169\/revisions"}],"predecessor-version":[{"id":541,"href":"https:\/\/sitebaixocusto.com.br\/desenvolvimentosites\/wp-json\/wp\/v2\/pages\/169\/revisions\/541"}],"wp:attachment":[{"href":"https:\/\/sitebaixocusto.com.br\/desenvolvimentosites\/wp-json\/wp\/v2\/media?parent=169"}],"curies":[{"name":"wp","href":"https:\/\/api.w.org\/{rel}","templated":true}]}}