{"id":15,"date":"2019-05-12T01:30:59","date_gmt":"2019-05-12T01:30:59","guid":{"rendered":"https:\/\/sitebaixocusto.com.br\/desenvolvimentosites\/?page_id=15"},"modified":"2020-07-16T03:32:47","modified_gmt":"2020-07-16T03:32:47","slug":"lojas-virtuais-woocommerce-cardapio-digital","status":"publish","type":"page","link":"https:\/\/sitebaixocusto.com.br\/desenvolvimentosites\/lojas-virtuais-woocommerce-cardapio-digital\/","title":{"rendered":"Lojas Virtuais"},"content":{"rendered":"<h2 class=\"elementor-heading-title elementor-size-default\"><span style=\"color: #ff0000;\">Venda o que voc\u00ea quiserem sua Loja virtual.<\/span><\/h2>\n<p><img fetchpriority=\"high\" decoding=\"async\" class=\"lazyload alignleft wp-image-39 size-full\" src=\"https:\/\/sitebaixocusto.com.br\/desenvolvimentosites\/wp-content\/uploads\/2019\/05\/B1.png\" data-orig-src=\"https:\/\/sitebaixocusto.com.br\/desenvolvimentosites\/wp-content\/uploads\/2019\/05\/B1.png\" alt=\"Lojas virtuais woocommerce\" width=\"400\" height=\"300\" srcset=\"data:image\/svg+xml,%3Csvg%20xmlns%3D%27http%3A%2F%2Fwww.w3.org%2F2000%2Fsvg%27%20width%3D%27400%27%20height%3D%27300%27%20viewBox%3D%270%200%20400%20300%27%3E%3Crect%20width%3D%27400%27%20height%3D%27300%27%20fill-opacity%3D%220%22%2F%3E%3C%2Fsvg%3E\" data-srcset=\"https:\/\/sitebaixocusto.com.br\/desenvolvimentosites\/wp-content\/uploads\/2019\/05\/B1-300x225.png 300w, https:\/\/sitebaixocusto.com.br\/desenvolvimentosites\/wp-content\/uploads\/2019\/05\/B1.png 400w\" data-sizes=\"auto\" data-orig-sizes=\"(max-width: 400px) 100vw, 400px\" \/>Integrado ao WordPress, a loja virtual\u00a0 <strong>WooCommerce hoje \u00e9 a plataforma de e-commerce mais usada do mundo<\/strong>. Sua interface amig\u00e1vel e funcionalidades poderosas, permitem a cria\u00e7\u00e3o de lojas virtuais de todos os tamanhos e tipos.<\/p>\n<ul>\n<li>Sistema completo de cat\u00e1logo de produtos, carrinho, checkout, cupons e mais.<\/li>\n<li>Correios, PagSeguro, PayPal, MercadoPago,Boleto, ERPs, etc.<\/li>\n<li>O WooCommerce \u00e9 usado por mais de 42% das lojas virtuais do mundo.<\/li>\n<\/ul>\n<div class=\"elementor-element elementor-element-de762ef elementor-widget elementor-widget-heading\" data-id=\"de762ef\" data-element_type=\"widget\" data-widget_type=\"heading.default\"><\/div>\n<div class=\"elementor-element elementor-element-3e981ad elementor-widget elementor-widget-text-editor\" data-id=\"3e981ad\" data-element_type=\"widget\" data-widget_type=\"text-editor.default\">\n<div class=\"elementor-widget-container\">\n<div class=\"elementor-text-editor elementor-clearfix\">\n<p>Desenvolvemos um\u00a0<strong>sistema personalizado<\/strong>\u00a0para cada tipo de loja, com todas as ferramentas para o seu e-commerce decolar.<\/p>\n<ul class=\"elementor-icon-list-items\">\n<li class=\"elementor-icon-list-item\"><span class=\"elementor-icon-list-text\"><b>O c\u00f3digo \u00e9 seu.\u00a0<\/b>Sua loja n\u00e3o ser\u00e1 uma caixa preta inacess\u00edvel. N\u00f3s entregamos tudo o que for desenvolvido para o cliente.<\/span><\/li>\n<li class=\"elementor-icon-list-item\"><span class=\"elementor-icon-list-text\">Plataforma em\u00a0<b>constante melhoria<\/b>\u00a0e com atualiza\u00e7\u00f5es peri\u00f3dicas.<\/span><\/li>\n<li class=\"elementor-icon-list-item\"><span class=\"elementor-icon-list-text\">Software\u00a0<b>testado por milh\u00f5es de usu\u00e1rios<\/b>\u00a0o tempo todo.<\/span><\/li>\n<li class=\"elementor-icon-list-item\"><span class=\"elementor-icon-list-text\"><b>Comunidade brasileira<\/b>\u00a0muito ativa, que colabora nos f\u00f3runs, eventos, tradu\u00e7\u00f5es e dicas.<\/span><\/li>\n<\/ul>\n<h2 style=\"text-align: center;\"><span style=\"color: #ff0000;\"><strong>R$ 1.500,00 por R$ 1299,00 em at\u00e9 12 vezes no cart\u00e3o de <\/strong><\/span><\/h2>\n<h2 style=\"text-align: center;\"><span style=\"color: #ff0000;\"><strong>cr\u00e9dito <\/strong><\/span><span style=\"color: #ff0000;\"><strong>ou A VISTA por R$ 999,00.<\/strong><\/span><\/h2>\n<p>&nbsp;<\/p>\n<\/div>\n<div id='gallery-1' class='gallery galleryid-15 gallery-columns-2 gallery-size-medium'><figure class='gallery-item'>\n\t\t\t<div class='gallery-icon landscape'>\n\t\t\t\t<a href='https:\/\/sitebaixocusto.com.br\/desenvolvimentosites\/wp-content\/uploads\/2019\/05\/1-2-wordpress-logo-png-file.png'><img decoding=\"async\" width=\"300\" height=\"300\" src=\"https:\/\/sitebaixocusto.com.br\/desenvolvimentosites\/wp-content\/uploads\/2019\/05\/1-2-wordpress-logo-png-file.png\" class=\"attachment-medium size-medium lazyload\" alt=\"wordpress\" srcset=\"data:image\/svg+xml,%3Csvg%20xmlns%3D%27http%3A%2F%2Fwww.w3.org%2F2000%2Fsvg%27%20width%3D%27300%27%20height%3D%27300%27%20viewBox%3D%270%200%20300%20300%27%3E%3Crect%20width%3D%27300%27%20height%3D%27300%27%20fill-opacity%3D%220%22%2F%3E%3C%2Fsvg%3E\" data-orig-src=\"https:\/\/sitebaixocusto.com.br\/desenvolvimentosites\/wp-content\/uploads\/2019\/05\/1-2-wordpress-logo-png-file.png\" data-srcset=\"https:\/\/sitebaixocusto.com.br\/desenvolvimentosites\/wp-content\/uploads\/2019\/05\/1-2-wordpress-logo-png-file-150x150.png 150w, https:\/\/sitebaixocusto.com.br\/desenvolvimentosites\/wp-content\/uploads\/2019\/05\/1-2-wordpress-logo-png-file-230x230.png 230w, https:\/\/sitebaixocusto.com.br\/desenvolvimentosites\/wp-content\/uploads\/2019\/05\/1-2-wordpress-logo-png-file-270x270.png 270w, https:\/\/sitebaixocusto.com.br\/desenvolvimentosites\/wp-content\/uploads\/2019\/05\/1-2-wordpress-logo-png-file.png 300w\" data-sizes=\"auto\" \/><\/a>\n\t\t\t<\/div><\/figure><figure class='gallery-item'>\n\t\t\t<div class='gallery-icon landscape'>\n\t\t\t\t<a href='https:\/\/sitebaixocusto.com.br\/desenvolvimentosites\/wp-content\/uploads\/2019\/05\/woocommerce-logo.jpg'><img decoding=\"async\" width=\"300\" height=\"200\" src=\"https:\/\/sitebaixocusto.com.br\/desenvolvimentosites\/wp-content\/uploads\/2019\/05\/woocommerce-logo-300x200.jpg\" class=\"attachment-medium size-medium lazyload\" alt=\"woocommerce\" srcset=\"data:image\/svg+xml,%3Csvg%20xmlns%3D%27http%3A%2F%2Fwww.w3.org%2F2000%2Fsvg%27%20width%3D%27540%27%20height%3D%27360%27%20viewBox%3D%270%200%20540%20360%27%3E%3Crect%20width%3D%27540%27%20height%3D%27360%27%20fill-opacity%3D%220%22%2F%3E%3C%2Fsvg%3E\" data-orig-src=\"https:\/\/sitebaixocusto.com.br\/desenvolvimentosites\/wp-content\/uploads\/2019\/05\/woocommerce-logo-300x200.jpg\" data-srcset=\"https:\/\/sitebaixocusto.com.br\/desenvolvimentosites\/wp-content\/uploads\/2019\/05\/woocommerce-logo-300x200.jpg 300w, https:\/\/sitebaixocusto.com.br\/desenvolvimentosites\/wp-content\/uploads\/2019\/05\/woocommerce-logo.jpg 540w\" data-sizes=\"auto\" \/><\/a>\n\t\t\t<\/div><\/figure>\n\t\t<\/div>\n\n<\/div>\n<\/div>\n","protected":false},"excerpt":{"rendered":"<p>Venda o que voc\u00ea quiserem sua Loja virtual. Integrado ao WordPress, a loja virtual\u00a0 WooCommerce hoje \u00e9 a plataforma de e-commerce mais usada do mundo. Sua interface amig\u00e1vel e funcionalidades poderosas, permitem a cria\u00e7\u00e3o de lojas virtuais de todos os tamanhos e tipos. Sistema completo de cat\u00e1logo de produtos, carrinho, checkout, cupons e mais. Correios, [&hellip;]<\/p>\n","protected":false},"author":1,"featured_media":39,"parent":0,"menu_order":0,"comment_status":"closed","ping_status":"closed","template":"","meta":{"site-sidebar-layout":"default","site-content-layout":"","ast-site-content-layout":"default","site-content-style":"default","site-sidebar-style":"default","ast-global-header-display":"","ast-banner-title-visibility":"","ast-main-header-display":"","ast-hfb-above-header-display":"","ast-hfb-below-header-display":"","ast-hfb-mobile-header-display":"","site-post-title":"","ast-breadcrumbs-content":"","ast-featured-img":"","footer-sml-layout":"","ast-disable-related-posts":"","theme-transparent-header-meta":"","adv-header-id-meta":"","stick-header-meta":"","header-above-stick-meta":"","header-main-stick-meta":"","header-below-stick-meta":"","astra-migrate-meta-layouts":"default","ast-page-background-enabled":"default","ast-page-background-meta":{"desktop":{"background-color":"","background-image":"","background-repeat":"repeat","background-position":"center center","background-size":"auto","background-attachment":"scroll","background-type":"","background-media":"","overlay-type":"","overlay-color":"","overlay-opacity":"","overlay-gradient":""},"tablet":{"background-color":"","background-image":"","background-repeat":"repeat","background-position":"center center","background-size":"auto","background-attachment":"scroll","background-type":"","background-media":"","overlay-type":"","overlay-color":"","overlay-opacity":"","overlay-gradient":""},"mobile":{"background-color":"","background-image":"","background-repeat":"repeat","background-position":"center center","background-size":"auto","background-attachment":"scroll","background-type":"","background-media":"","overlay-type":"","overlay-color":"","overlay-opacity":"","overlay-gradient":""}},"ast-content-background-meta":{"desktop":{"background-color":"var(--ast-global-color-5)","background-image":"","background-repeat":"repeat","background-position":"center center","background-size":"auto","background-attachment":"scroll","background-type":"","background-media":"","overlay-type":"","overlay-color":"","overlay-opacity":"","overlay-gradient":""},"tablet":{"background-color":"var(--ast-global-color-5)","background-image":"","background-repeat":"repeat","background-position":"center center","background-size":"auto","background-attachment":"scroll","background-type":"","background-media":"","overlay-type":"","overlay-color":"","overlay-opacity":"","overlay-gradient":""},"mobile":{"background-color":"var(--ast-global-color-5)","background-image":"","background-repeat":"repeat","background-position":"center center","background-size":"auto","background-attachment":"scroll","background-type":"","background-media":"","overlay-type":"","overlay-color":"","overlay-opacity":"","overlay-gradient":""}},"amp_status":"","footnotes":""},"class_list":["post-15","page","type-page","status-publish","has-post-thumbnail","hentry"],"_hostinger_reach_plugin_has_subscription_block":false,"_hostinger_reach_plugin_is_elementor":false,"amp_validity":null,"_links":{"self":[{"href":"https:\/\/sitebaixocusto.com.br\/desenvolvimentosites\/wp-json\/wp\/v2\/pages\/15","targetHints":{"allow":["GET"]}}],"collection":[{"href":"https:\/\/sitebaixocusto.com.br\/desenvolvimentosites\/wp-json\/wp\/v2\/pages"}],"about":[{"href":"https:\/\/sitebaixocusto.com.br\/desenvolvimentosites\/wp-json\/wp\/v2\/types\/page"}],"author":[{"embeddable":true,"href":"https:\/\/sitebaixocusto.com.br\/desenvolvimentosites\/wp-json\/wp\/v2\/users\/1"}],"replies":[{"embeddable":true,"href":"https:\/\/sitebaixocusto.com.br\/desenvolvimentosites\/wp-json\/wp\/v2\/comments?post=15"}],"version-history":[{"count":11,"href":"https:\/\/sitebaixocusto.com.br\/desenvolvimentosites\/wp-json\/wp\/v2\/pages\/15\/revisions"}],"predecessor-version":[{"id":44,"href":"https:\/\/sitebaixocusto.com.br\/desenvolvimentosites\/wp-json\/wp\/v2\/pages\/15\/revisions\/44"}],"wp:featuredmedia":[{"embeddable":true,"href":"https:\/\/sitebaixocusto.com.br\/desenvolvimentosites\/wp-json\/wp\/v2\/media\/39"}],"wp:attachment":[{"href":"https:\/\/sitebaixocusto.com.br\/desenvolvimentosites\/wp-json\/wp\/v2\/media?parent=15"}],"curies":[{"name":"wp","href":"https:\/\/api.w.org\/{rel}","templated":true}]}}